{"id":110,"date":"2024-01-09T12:29:29","date_gmt":"2024-01-09T11:29:29","guid":{"rendered":"https:\/\/menet.hu\/szakald\/?page_id=110"},"modified":"2026-01-30T14:12:33","modified_gmt":"2026-01-30T13:12:33","slug":"palyazatok","status":"publish","type":"page","link":"https:\/\/szakald.hu\/?page_id=110","title":{"rendered":"P\u00e1ly\u00e1zatok"},"content":{"rendered":"<p><strong>TOP-3.2.1-16-BO1-2018-00123:<\/strong> \u00d6nkorm\u00e1nyzati \u00e9p\u00fcletek energetikai korszer\u0171s\u00edt\u00e9se Bog\u00e1cs, Mez\u0151cs\u00e1t, K\u00e1cs \u00e9s Szak\u00e1ld telep\u00fcl\u00e9seken <a href=\"https:\/\/szakald.hu\/?page_id=302\"><img loading=\"lazy\" decoding=\"async\" class=\"alignnone\" src=\"https:\/\/szakald.hu\/banner\/tovabb.png\" alt=\"\" width=\"58\" height=\"19\" \/><\/a><\/p>\n<hr \/>\n<p><strong>TOP-3.2.1-16-BO1-2017-00041:<\/strong> Megval\u00f3sult \u00f6nkorm\u00e1nyzati \u00e9p\u00fcletek energetikai korszer\u0171s\u00edt\u00e9se Mez\u0151cs\u00e1t, R\u00e9p\u00e1shuta, Nagycs\u00e9cs, Szak\u00e1ld \u00e9s K\u00e1cs telep\u00fcl\u00e9seken <a href=\"https:\/\/szakald.hu\/?page_id=294\"><img loading=\"lazy\" decoding=\"async\" class=\"alignnone\" src=\"https:\/\/szakald.hu\/banner\/tovabb.png\" alt=\"\" width=\"58\" height=\"19\" \/><\/a><\/p>\n<hr \/>\n<p><strong>TOP-3.2.1-16-BO1-2020-00150:<\/strong> \u00d6nkorm\u00e1nyzati \u00e9p\u00fcletek energetikai korszer\u0171s\u00edt\u00e9se <a href=\"https:\/\/szakald.hu\/?page_id=178\"><img loading=\"lazy\" decoding=\"async\" class=\"alignnone\" src=\"https:\/\/szakald.hu\/banner\/tovabb.png\" alt=\"\" width=\"58\" height=\"19\" \/><\/a><\/p>\n<hr \/>\n<p><strong>TOP-4.1.1-15-BO1-2016-00010:<\/strong> Eg\u00e9szs\u00e9g\u00fcgyi alapell\u00e1t\u00e1s infrastruktur\u00e1lis fejleszt\u00e9se Szak\u00e1ldon <a href=\"https:\/\/szakald.hu\/?page_id=167\"><img loading=\"lazy\" decoding=\"async\" class=\"alignnone\" src=\"https:\/\/szakald.hu\/banner\/tovabb.png\" alt=\"\" width=\"58\" height=\"19\" \/><\/a><\/p>\n","protected":false},"excerpt":{"rendered":"<p>TOP-3.2.1-16-BO1-2018-00123: \u00d6nkorm\u00e1nyzati \u00e9p\u00fcletek energetikai korszer\u0171s\u00edt\u00e9se Bog\u00e1cs, Mez\u0151cs\u00e1t, K\u00e1cs \u00e9s Szak\u00e1ld telep\u00fcl\u00e9seken TOP-3.2.1-16-BO1-2017-00041: Megval\u00f3sult \u00f6nkorm\u00e1nyzati \u00e9p\u00fcletek energetikai korszer\u0171s\u00edt\u00e9se Mez\u0151cs\u00e1t, R\u00e9p\u00e1shuta, Nagycs\u00e9cs, Szak\u00e1ld \u00e9s K\u00e1cs telep\u00fcl\u00e9seken TOP-3.2.1-16-BO1-2020-00150:&hellip;<\/p>\n","protected":false},"author":1,"featured_media":0,"parent":0,"menu_order":0,"comment_status":"closed","ping_status":"closed","template":"","meta":{"footnotes":""},"class_list":["post-110","page","type-page","status-publish","hentry"],"_links":{"self":[{"href":"https:\/\/szakald.hu\/index.php?rest_route=\/wp\/v2\/pages\/110","targetHints":{"allow":["GET"]}}],"collection":[{"href":"https:\/\/szakald.hu\/index.php?rest_route=\/wp\/v2\/pages"}],"about":[{"href":"https:\/\/szakald.hu\/index.php?rest_route=\/wp\/v2\/types\/page"}],"author":[{"embeddable":true,"href":"https:\/\/szakald.hu\/index.php?rest_route=\/wp\/v2\/users\/1"}],"replies":[{"embeddable":true,"href":"https:\/\/szakald.hu\/index.php?rest_route=%2Fwp%2Fv2%2Fcomments&post=110"}],"version-history":[{"count":13,"href":"https:\/\/szakald.hu\/index.php?rest_route=\/wp\/v2\/pages\/110\/revisions"}],"predecessor-version":[{"id":342,"href":"https:\/\/szakald.hu\/index.php?rest_route=\/wp\/v2\/pages\/110\/revisions\/342"}],"wp:attachment":[{"href":"https:\/\/szakald.hu\/index.php?rest_route=%2Fwp%2Fv2%2Fmedia&parent=110"}],"curies":[{"name":"wp","href":"https:\/\/api.w.org\/{rel}","templated":true}]}}