{"id":178,"date":"2024-02-05T15:55:37","date_gmt":"2024-02-05T14:55:37","guid":{"rendered":"https:\/\/menet.hu\/szakald\/?page_id=178"},"modified":"2024-07-17T17:20:41","modified_gmt":"2024-07-17T15:20:41","slug":"onkormanyzati-epuletek-energetikai-korszerusitese","status":"publish","type":"page","link":"https:\/\/szakald.hu\/?page_id=178","title":{"rendered":"\u00d6NKORM\u00c1NYZATI \u00c9P\u00dcLETEK ENERGETIKAI KORSZER\u0170S\u00cdT\u00c9SE"},"content":{"rendered":"<p><img loading=\"lazy\" decoding=\"async\" class=\"size-medium alignright\" src=\"http:\/\/menet.hu\/szakald\/banner\/erfa_felso.png\" width=\"250\" height=\"175\" \/>Kedvezm\u00e9nyezett: Szomolya K\u00f6zs\u00e9g \u00d6nkorm\u00e1nyzata<br \/>\nProjekt c\u00edme: Szomolya, Szak\u00e1ld \u00e9s Kistokaj telep\u00fcl\u00e9sek energetikai fejleszt\u00e9se<br \/>\nTeljes k\u00f6lts\u00e9g: 99.227.079.- Ft<br \/>\nT\u00e1mogat\u00e1s tartalom: 93.723.944.- Ft<br \/>\n<b><\/b>A projekt fizikai z\u00e1r\u00e1sa: 2023.12.15.<br \/>\nProjekt azonos\u00edt\u00f3 sz\u00e1ma: TOP-3.2.1-16-BO1-2020-00150<\/p>\n<p><strong>Projekt bemutat\u00e1sa<\/strong><\/p>\n<p>A Ter\u00fclet- \u00e9s Telep\u00fcl\u00e9sfejleszt\u00e9si Operat\u00edv Program (TOP) strat\u00e9giai c\u00e9lja az alacsony sz\u00e9ndioxid-kibocs\u00e1t\u00e1s\u00fa gazdas\u00e1gra val\u00f3 \u00e1tt\u00e9r\u00e9s \u00f6szt\u00f6nz\u00e9se, csatlakozva a glob\u00e1lis er\u0151fesz\u00edt\u00e9sekhez, az int\u00e9zked\u00e9s \u00e1tfog\u00f3 c\u00e9lja az \u00f6nkorm\u00e1nyzati int\u00e9zm\u00e9nyek hat\u00e9konyabb energiahaszn\u00e1lat\u00e1nak, racion\u00e1lisabb energiagazd\u00e1lkod\u00e1s\u00e1nak el\u0151seg\u00edt\u00e9se.<\/p>\n<p>A megval\u00f3sult beruh\u00e1z\u00e1s sor\u00e1n a projektben r\u00e9szt vev\u0151 \u00d6nkorm\u00e1nyzatok tulajdon\u00e1ban \u00e1ll\u00f3, \u00f6sszesen 3 db \u00f6n\u00e1ll\u00f3 energetikai rendszerrel rendelkez\u0151 \u00e9p\u00fclet energetikai korszer\u0171s\u00edt\u00e9se val\u00f3sult meg konzorciumi egy\u00fcttm\u0171k\u00f6d\u00e9s keret\u00e9n bel\u00fcl. Energetikai korszer\u0171s\u00edt\u00e9sre ker\u00fclt:<\/p>\n<ul>\n<li>Kistokaj Polg\u00e1rmesteri Hivatal 3553 Kistokaj Sz\u00e9chenyi Istv\u00e1n utca 51<\/li>\n<li>Szak\u00e1ld, M\u0171vel\u0151d\u00e9si H\u00e1z 3596 Szak\u00e1ld Aradi utca 4<\/li>\n<li>Szomolya, Polg\u00e1rmesteri Hivatal 3411 Szomolya Szabads\u00e1g t\u00e9r 1<\/li>\n<\/ul>\n<p>A p\u00e1ly\u00e1zat keret\u00e9n bel\u00fcl az itt felsorolt \u00e9p\u00fcletek k\u00fcls\u0151 hat\u00e1rol\u00f3 szerkezeteinek korszer\u0171s\u00edt\u00e9se (ut\u00f3lagos homlokzati \u00e9s f\u00f6d\u00e9m h\u0151szigetel\u00e9s, ny\u00edl\u00e1sz\u00e1r\u00f3k cser\u00e9je vagy korszer\u0171s\u00edt\u00e9se), f\u0171t\u00e9si, haszn\u00e1lati melegv\u00edz rendszerek korszer\u0171s\u00edt\u00e9se val\u00f3sult meg. Szomolya \u00e9s Szak\u00e1ld \u00e9p\u00fcletein napelemes rendszerek telep\u00edt\u00e9s\u00e9vel lett biztos\u00edtva a meg\u00fajul\u00f3 energia haszn\u00e1lata, a k\u00f6rnyezetterhel\u00e9s cs\u00f6kkent\u00e9se.<\/p>\n<p>A hamarosan megkezd\u0151d\u0151 fejleszt\u00e9ssel a projektben r\u00e9szt vev\u0151 \u00d6nkorm\u00e1nyzatok hozz\u00e1j\u00e1rulnak az \u00e9p\u00fcletek gazdas\u00e1gosabbfenntart\u00e1s\u00e1hoz, egys\u00e9ges telep\u00fcl\u00e9sk\u00e9p l\u00e9trehoz\u00e1s\u00e1hoz, a telep\u00fcl\u00e9s lakoss\u00e1ga szempontj\u00e1b\u00f3l egy \u00e9lhet\u0151bb k\u00f6rnyezet kialak\u00edt\u00e1s\u00e1hoz, valamint az\u00e9rintett \u00e9p\u00fcletekben l\u00e9v\u0151 szolg\u00e1ltat\u00e1sok sz\u00ednvonal\u00e1nak emel\u00e9s\u00e9hez. Mivel az \u00e9p\u00fcletek a nagyk\u00f6z\u00f6ns\u00e9g sz\u00e1m\u00e1ra l\u00e1togathat\u00f3ak, ez nagy m\u00e9rt\u00e9kben el\u0151seg\u00edti a szeml\u00e9letform\u00e1l\u00e1st, a m\u0171szaki inform\u00e1ci\u00f3k, tapasztalatok terjeszt\u00e9s\u00e9t, mely szint\u00e9n a program egyik feladata.<\/p>\n<p>A projekt finansz\u00edroz\u00e1sa az Eur\u00f3pai Uni\u00f3 t\u00e1mogat\u00e1s\u00e1val, az Eur\u00f3pai Region\u00e1lis Fejleszt\u00e9si Alap T\u00e1rsfinansz\u00edroz\u00e1s\u00e1val, a Ter\u00fclet \u00e9s Telep\u00fcl\u00e9sfejleszt\u00e9si Operat\u00edv Program keret\u00e9n bel\u00fcl val\u00f3sult meg.<\/p>\n<p><a href=\"https:\/\/szakald.hu\/palyazatok\/2020_energetika\/001.jpg\" target=\"_blank\" rel=\"noopener\"><img loading=\"lazy\" decoding=\"async\" class=\"alignnone\" src=\"https:\/\/szakald.hu\/palyazatok\/2020_energetika\/001.jpg\" alt=\"\" width=\"250\" height=\"187\" \/><\/a> <a href=\"https:\/\/szakald.hu\/palyazatok\/2020_energetika\/002.jpg\" target=\"_blank\" rel=\"noopener\"><img loading=\"lazy\" decoding=\"async\" class=\"alignnone\" src=\"https:\/\/szakald.hu\/palyazatok\/2020_energetika\/002.jpg\" alt=\"\" width=\"413\" height=\"186\" \/><\/a> <a href=\"https:\/\/szakald.hu\/palyazatok\/2020_energetika\/003.jpg\" target=\"_blank\" rel=\"noopener\"><img loading=\"lazy\" decoding=\"async\" class=\"alignnone\" src=\"https:\/\/szakald.hu\/palyazatok\/2020_energetika\/003.jpg\" alt=\"\" width=\"414\" height=\"186\" \/><\/a><\/p>\n","protected":false},"excerpt":{"rendered":"<p>Kedvezm\u00e9nyezett: Szomolya K\u00f6zs\u00e9g \u00d6nkorm\u00e1nyzata Projekt c\u00edme: Szomolya, Szak\u00e1ld \u00e9s Kistokaj telep\u00fcl\u00e9sek energetikai fejleszt\u00e9se Teljes k\u00f6lts\u00e9g: 99.227.079.- Ft T\u00e1mogat\u00e1s tartalom: 93.723.944.- Ft A projekt fizikai z\u00e1r\u00e1sa:&hellip;<\/p>\n","protected":false},"author":1,"featured_media":0,"parent":0,"menu_order":0,"comment_status":"closed","ping_status":"closed","template":"","meta":{"footnotes":""},"class_list":["post-178","page","type-page","status-publish","hentry"],"_links":{"self":[{"href":"https:\/\/szakald.hu\/index.php?rest_route=\/wp\/v2\/pages\/178","targetHints":{"allow":["GET"]}}],"collection":[{"href":"https:\/\/szakald.hu\/index.php?rest_route=\/wp\/v2\/pages"}],"about":[{"href":"https:\/\/szakald.hu\/index.php?rest_route=\/wp\/v2\/types\/page"}],"author":[{"embeddable":true,"href":"https:\/\/szakald.hu\/index.php?rest_route=\/wp\/v2\/users\/1"}],"replies":[{"embeddable":true,"href":"https:\/\/szakald.hu\/index.php?rest_route=%2Fwp%2Fv2%2Fcomments&post=178"}],"version-history":[{"count":7,"href":"https:\/\/szakald.hu\/index.php?rest_route=\/wp\/v2\/pages\/178\/revisions"}],"predecessor-version":[{"id":292,"href":"https:\/\/szakald.hu\/index.php?rest_route=\/wp\/v2\/pages\/178\/revisions\/292"}],"wp:attachment":[{"href":"https:\/\/szakald.hu\/index.php?rest_route=%2Fwp%2Fv2%2Fmedia&parent=178"}],"curies":[{"name":"wp","href":"https:\/\/api.w.org\/{rel}","templated":true}]}}