{"id":223,"date":"2024-02-09T09:53:31","date_gmt":"2024-02-09T08:53:31","guid":{"rendered":"https:\/\/szakald.hu\/?page_id=223"},"modified":"2024-02-09T10:02:11","modified_gmt":"2024-02-09T09:02:11","slug":"szakald-kozseg-onkormanyzata","status":"publish","type":"page","link":"https:\/\/szakald.hu\/?page_id=223","title":{"rendered":"Szak\u00e1ld K\u00f6zs\u00e9g \u00d6nkorm\u00e1nyzata"},"content":{"rendered":"<p><strong>Levelez\u00e9si c\u00edm:<\/strong><\/p>\n<p>3596 Szak\u00e1ld, Aradi utca 4.<br \/>\nTelefon: 46\/ 391-238<br \/>\nE-mail: <span id=\"cloak7a515de5e40a7c62392987ba9c9f3fda\"><a href=\"mailto:hivatal@szakald.hu\">hivatal@szakald.hu<\/a><\/span><\/p>\n<p>&nbsp;<\/p>\n<table border=\"0\">\n<tbody>\n<tr>\n<td><strong>A k\u00e9pvisel\u0151 test\u00fclet:<\/strong><\/td>\n<td><\/td>\n<td rowspan=\"7\"><\/td>\n<\/tr>\n<tr>\n<td>Barta Zsolt<\/td>\n<td>polg\u00e1rmester<\/td>\n<\/tr>\n<tr>\n<td>Helczman P\u00e9ter<\/td>\n<td>alpolg\u00e1rmester<\/td>\n<\/tr>\n<tr>\n<td>Huly\u00e1k S\u00e1ndor Gy\u00f6rgyn\u00e9<\/td>\n<td>k\u00e9pvisel\u0151<\/td>\n<\/tr>\n<tr>\n<td>Kiss Iv\u00e1n<\/td>\n<td>k\u00e9pvisel\u0151<\/td>\n<\/tr>\n<tr>\n<td>Tr\u00e9zsi L\u00e1szl\u00f3 P\u00e9ter<\/td>\n<td>k\u00e9pvisel\u0151<\/td>\n<\/tr>\n<tr>\n<td>dr. V\u00e1g\u00f3-Gorta T\u00fcnde<\/td>\n<td>jegyz\u0151<\/td>\n<\/tr>\n<\/tbody>\n<\/table>\n","protected":false},"excerpt":{"rendered":"<p>Levelez\u00e9si c\u00edm: 3596 Szak\u00e1ld, Aradi utca 4. Telefon: 46\/ 391-238 E-mail: hivatal@szakald.hu &nbsp; A k\u00e9pvisel\u0151 test\u00fclet: Barta Zsolt polg\u00e1rmester Helczman P\u00e9ter alpolg\u00e1rmester Huly\u00e1k S\u00e1ndor Gy\u00f6rgyn\u00e9&hellip;<\/p>\n","protected":false},"author":1,"featured_media":0,"parent":0,"menu_order":0,"comment_status":"closed","ping_status":"closed","template":"","meta":{"footnotes":""},"class_list":["post-223","page","type-page","status-publish","hentry"],"_links":{"self":[{"href":"https:\/\/szakald.hu\/index.php?rest_route=\/wp\/v2\/pages\/223","targetHints":{"allow":["GET"]}}],"collection":[{"href":"https:\/\/szakald.hu\/index.php?rest_route=\/wp\/v2\/pages"}],"about":[{"href":"https:\/\/szakald.hu\/index.php?rest_route=\/wp\/v2\/types\/page"}],"author":[{"embeddable":true,"href":"https:\/\/szakald.hu\/index.php?rest_route=\/wp\/v2\/users\/1"}],"replies":[{"embeddable":true,"href":"https:\/\/szakald.hu\/index.php?rest_route=%2Fwp%2Fv2%2Fcomments&post=223"}],"version-history":[{"count":2,"href":"https:\/\/szakald.hu\/index.php?rest_route=\/wp\/v2\/pages\/223\/revisions"}],"predecessor-version":[{"id":230,"href":"https:\/\/szakald.hu\/index.php?rest_route=\/wp\/v2\/pages\/223\/revisions\/230"}],"wp:attachment":[{"href":"https:\/\/szakald.hu\/index.php?rest_route=%2Fwp%2Fv2%2Fmedia&parent=223"}],"curies":[{"name":"wp","href":"https:\/\/api.w.org\/{rel}","templated":true}]}}