{"id":225,"date":"2024-02-09T09:54:08","date_gmt":"2024-02-09T08:54:08","guid":{"rendered":"https:\/\/szakald.hu\/?page_id=225"},"modified":"2024-02-09T13:20:27","modified_gmt":"2024-02-09T12:20:27","slug":"kozos-onkormanyzati-hivatal-szakaldi-kirendeltsege","status":"publish","type":"page","link":"https:\/\/szakald.hu\/?page_id=225","title":{"rendered":"K\u00f6z\u00f6s \u00d6nkorm\u00e1nyzati Hivatal Szak\u00e1ldi Kirendelts\u00e9ge"},"content":{"rendered":"<p><strong>C\u00edm:<\/strong> 3596 Szak\u00e1ld, Aradi utca 4.<br aria-hidden=\"true\" \/><strong>Telefon:<\/strong> 46\/ 391-238<br \/>\n<strong>E-mail:<\/strong> <span id=\"x_cloak7a515de5e40a7c62392987ba9c9f3fda\"><a class=\"x_moz-txt-link-freetext\" href=\"mailto:hivatal@szakald.hu\" data-linkindex=\"0\">hivatal@szakald.hu<\/a><br aria-hidden=\"true\" \/><\/span><\/p>\n<p><span id=\"x_cloak7a515de5e40a7c62392987ba9c9f3fda\"><strong>Polg\u00e1rmester:<\/strong> Barta Zsolt<\/span><\/p>\n<p><span id=\"x_cloak7a515de5e40a7c62392987ba9c9f3fda\"><strong>Alpolg\u00e1rmester:<\/strong> Helczman P\u00e9ter<br aria-hidden=\"true\" \/><\/span><\/p>\n<p><span id=\"x_cloak7a515de5e40a7c62392987ba9c9f3fda\"><strong>Jegyz\u0151:<\/strong>\u00a0<\/span>dr. V\u00e1g\u00f3-Gorta T\u00fcnde<\/p>\n<p><strong>Dolgoz\u00f3ink:\u00a0<\/strong><\/p>\n<p>Mike P\u00e9ter igazgat\u00e1si el\u0151ad\u00f3<br \/>\nG\u00e1l Judit p\u00e9nz\u00fcgyi el\u0151ad\u00f3<br \/>\nPincz\u00e9s Enik\u0151 j\u00e1r\u00e1si \u00fcgyseg\u00e9d<br \/>\nKiss Iv\u00e1n falugondnok<br \/>\nBodn\u00e1r S\u00e1ndorn\u00e9 h\u00e1zi seg\u00edts\u00e9gny\u00fajt\u00f3<br \/>\nFarkas J\u00e1nosn\u00e9 h\u00e1zi seg\u00edts\u00e9gny\u00fajt\u00f3<\/p>\n","protected":false},"excerpt":{"rendered":"<p>C\u00edm: 3596 Szak\u00e1ld, Aradi utca 4.Telefon: 46\/ 391-238 E-mail: hivatal@szakald.hu Polg\u00e1rmester: Barta Zsolt Alpolg\u00e1rmester: Helczman P\u00e9ter Jegyz\u0151:\u00a0dr. V\u00e1g\u00f3-Gorta T\u00fcnde Dolgoz\u00f3ink:\u00a0 Mike P\u00e9ter igazgat\u00e1si el\u0151ad\u00f3 G\u00e1l&hellip;<\/p>\n","protected":false},"author":1,"featured_media":0,"parent":0,"menu_order":0,"comment_status":"closed","ping_status":"closed","template":"","meta":{"footnotes":""},"class_list":["post-225","page","type-page","status-publish","hentry"],"_links":{"self":[{"href":"https:\/\/szakald.hu\/index.php?rest_route=\/wp\/v2\/pages\/225","targetHints":{"allow":["GET"]}}],"collection":[{"href":"https:\/\/szakald.hu\/index.php?rest_route=\/wp\/v2\/pages"}],"about":[{"href":"https:\/\/szakald.hu\/index.php?rest_route=\/wp\/v2\/types\/page"}],"author":[{"embeddable":true,"href":"https:\/\/szakald.hu\/index.php?rest_route=\/wp\/v2\/users\/1"}],"replies":[{"embeddable":true,"href":"https:\/\/szakald.hu\/index.php?rest_route=%2Fwp%2Fv2%2Fcomments&post=225"}],"version-history":[{"count":5,"href":"https:\/\/szakald.hu\/index.php?rest_route=\/wp\/v2\/pages\/225\/revisions"}],"predecessor-version":[{"id":235,"href":"https:\/\/szakald.hu\/index.php?rest_route=\/wp\/v2\/pages\/225\/revisions\/235"}],"wp:attachment":[{"href":"https:\/\/szakald.hu\/index.php?rest_route=%2Fwp%2Fv2%2Fmedia&parent=225"}],"curies":[{"name":"wp","href":"https:\/\/api.w.org\/{rel}","templated":true}]}}