{"id":74,"date":"2024-01-09T12:05:41","date_gmt":"2024-01-09T11:05:41","guid":{"rendered":"https:\/\/menet.hu\/szakald\/?page_id=74"},"modified":"2024-02-06T08:16:05","modified_gmt":"2024-02-06T07:16:05","slug":"koszonto","status":"publish","type":"page","link":"https:\/\/szakald.hu\/?page_id=74","title":{"rendered":"K\u00f6sz\u00f6nt\u0151"},"content":{"rendered":"<p><strong>Tisztelt L\u00e1togat\u00f3!<\/strong><\/p>\n<p>K\u00f6sz\u00f6nt\u00f6m Szak\u00e1ld K\u00f6zs\u00e9g weboldal\u00e1n!<br \/>\nHonlapunkr\u00f3l tiszt\u00e1bb k\u00e9pet kaphat telep\u00fcl\u00e9s\u00fcnk \u00e9let\u00e9r\u0151l, elhelyezked\u00e9s\u00e9r\u0151l, t\u00f6rt\u00e9nelm\u00e9r\u0151l, mindennapjair\u00f3l.<br \/>\nAz\u00a0oldal folyamatos fejleszt\u00e9s alatt \u00e1ll, igyeksz\u00fcnk m\u00e9g pontosabb\u00e1 \u00e9s naprak\u00e9szebb\u00e9\u00a0tenni az ide l\u00e1togat\u00f3k t\u00e1j\u00e9koztat\u00e1sa \u00e9rdek\u00e9ben.<br \/>\nSz\u00e1njon r\u00e1 n\u00e9h\u00e1ny percet, hogy megismerje Szak\u00e1ld telep\u00fcl\u00e9s nevezetess\u00e9geit, hagyom\u00e1nyait ezen honlapon \u00e1t.<br \/>\nAmennyiben felkeltett\u00fck \u00e9rdekl\u0151d\u00e9s\u00e9t, l\u00e1togasson el hozz\u00e1nk, \u00e9s \u00f6regb\u00edtse h\u00edrnev\u00fcnket hat\u00e1rainkon t\u00fal is!<\/p>\n<p><strong>Tisztelettel: Barta Zsolt\u00a0\u00a0<\/strong><br \/>\n<strong>polg\u00e1rmester<\/strong><\/p>\n","protected":false},"excerpt":{"rendered":"<p>Tisztelt L\u00e1togat\u00f3! K\u00f6sz\u00f6nt\u00f6m Szak\u00e1ld K\u00f6zs\u00e9g weboldal\u00e1n! Honlapunkr\u00f3l tiszt\u00e1bb k\u00e9pet kaphat telep\u00fcl\u00e9s\u00fcnk \u00e9let\u00e9r\u0151l, elhelyezked\u00e9s\u00e9r\u0151l, t\u00f6rt\u00e9nelm\u00e9r\u0151l, mindennapjair\u00f3l. Az\u00a0oldal folyamatos fejleszt\u00e9s alatt \u00e1ll, igyeksz\u00fcnk m\u00e9g pontosabb\u00e1 \u00e9s naprak\u00e9szebb\u00e9\u00a0tenni&hellip;<\/p>\n","protected":false},"author":1,"featured_media":0,"parent":0,"menu_order":0,"comment_status":"closed","ping_status":"closed","template":"","meta":{"footnotes":""},"class_list":["post-74","page","type-page","status-publish","hentry"],"_links":{"self":[{"href":"https:\/\/szakald.hu\/index.php?rest_route=\/wp\/v2\/pages\/74","targetHints":{"allow":["GET"]}}],"collection":[{"href":"https:\/\/szakald.hu\/index.php?rest_route=\/wp\/v2\/pages"}],"about":[{"href":"https:\/\/szakald.hu\/index.php?rest_route=\/wp\/v2\/types\/page"}],"author":[{"embeddable":true,"href":"https:\/\/szakald.hu\/index.php?rest_route=\/wp\/v2\/users\/1"}],"replies":[{"embeddable":true,"href":"https:\/\/szakald.hu\/index.php?rest_route=%2Fwp%2Fv2%2Fcomments&post=74"}],"version-history":[{"count":3,"href":"https:\/\/szakald.hu\/index.php?rest_route=\/wp\/v2\/pages\/74\/revisions"}],"predecessor-version":[{"id":188,"href":"https:\/\/szakald.hu\/index.php?rest_route=\/wp\/v2\/pages\/74\/revisions\/188"}],"wp:attachment":[{"href":"https:\/\/szakald.hu\/index.php?rest_route=%2Fwp%2Fv2%2Fmedia&parent=74"}],"curies":[{"name":"wp","href":"https:\/\/api.w.org\/{rel}","templated":true}]}}