{"id":78,"date":"2024-01-09T12:11:47","date_gmt":"2024-01-09T11:11:47","guid":{"rendered":"https:\/\/menet.hu\/szakald\/?page_id=78"},"modified":"2024-04-05T10:26:11","modified_gmt":"2024-04-05T08:26:11","slug":"kapcsolat","status":"publish","type":"page","link":"https:\/\/szakald.hu\/?page_id=78","title":{"rendered":"\u00d3voda"},"content":{"rendered":"<div class=\"page-header\">\n<div class=\"page-header\">\n<h2>Szak\u00e1ldi Man\u00f3csk\u00e1k \u00d3voda<\/h2>\n<p><strong>Levelez\u00e9si c\u00edm:<\/strong><\/p>\n<p>3596 Szak\u00e1ld, Kossuth \u00fat 1.<br \/>\nTelefon: 46\/ 391-238<br \/>\nMobil: 70\/382-6294<br \/>\nE-mail: <a href=\"mailto:manocskakovoda@gmail.com\">manocskakovoda@gmail.com<\/a><\/p>\n<\/div>\n<div>\n<table border=\"0\">\n<tbody>\n<tr>\n<td colspan=\"3\"><strong>\u00a0Dolgoz\u00f3ink<\/strong><\/td>\n<\/tr>\n<tr>\n<td>\u00a0Makkai Ren\u00e1ta<\/td>\n<td>igazgat\u00f3<\/td>\n<td rowspan=\"5\"><\/td>\n<\/tr>\n<tr>\n<td>B\u00facs\u00fa Bogl\u00e1rka<\/td>\n<td>\u00f3vodapedag\u00f3gus<\/td>\n<\/tr>\n<tr>\n<td>\u00a0Helczman Istv\u00e1nn\u00e9<\/td>\n<td>dajka<\/td>\n<\/tr>\n<tr>\n<td>\u00a0Buza Zsoltn\u00e9<\/td>\n<td>\u00e9lelmez\u00e9svezet\u0151<\/td>\n<\/tr>\n<tr>\n<td>\u00a0Gergelyn\u00e9 Kov\u00e1cs Anita<\/td>\n<td>szak\u00e1cs<\/td>\n<\/tr>\n<\/tbody>\n<\/table>\n<p>&nbsp;<\/p>\n<p><strong>DOKUMENTUMOK<\/strong><\/p>\n<hr \/>\n<p><a href=\"https:\/\/szakald.hu\/dokumentum\/ovoda\/hazirend2021.pdf\" target=\"_blank\" rel=\"noopener\">Szak\u00e1ldi Man\u00f3csk\u00e1k \u00d3voda H\u00e1zirendje 2021<\/a><br \/>\n<a href=\"http:\/\/menet.hu\/szakald\/dokumentum\/ovoda\/szmsz2022.pdf\" target=\"_blank\" rel=\"noopener\">Szervezeti \u00e9s M\u0171k\u00f6d\u00e9si Szab\u00e1lyzat 2022<\/a><br \/>\n<a href=\"https:\/\/szakald.hu\/dokumentum\/ovoda\/ovodapedagogiaprogram.pdf\" target=\"_blank\" rel=\"noopener\">Pedag\u00f3giai Program<br \/>\n<\/a><a href=\"https:\/\/szakald.hu\/dokumentum\/ovoda\/kozetetelilista.pdf\" target=\"_blank\" rel=\"noopener\">K\u00f6zz\u00e9t\u00e9teli lista<\/a><\/p>\n<p><a href=\"https:\/\/szakald.hu\/dokumentum\/ovoda\/ovodai_beiratkozas.pdf\" target=\"_blank\" rel=\"noopener\"><strong>\u00d3vodai beirat\u00e1s\u00a0 a 2024\/2025. nevel\u00e9si \u00e9vre<\/strong><\/a><\/p>\n<hr \/>\n<p><a href=\"https:\/\/szakald.hu\/dokumentum\/ovoda\/hirdetmenyovoda.pdf\" target=\"_blank\" rel=\"noopener\">Hirdetm\u00e9ny<\/a><br \/>\n<a href=\"https:\/\/szakald.hu\/dokumentum\/ovoda\/vodai-felvtel-irnti-krelem.pdf\" target=\"_blank\" rel=\"noopener\">\u00d3voda felv\u00e9tel ir\u00e1nti k\u00e9relem<\/a><\/p>\n<\/div>\n<\/div>\n","protected":false},"excerpt":{"rendered":"<p>Szak\u00e1ldi Man\u00f3csk\u00e1k \u00d3voda Levelez\u00e9si c\u00edm: 3596 Szak\u00e1ld, Kossuth \u00fat 1. Telefon: 46\/ 391-238 Mobil: 70\/382-6294 E-mail: manocskakovoda@gmail.com \u00a0Dolgoz\u00f3ink \u00a0Makkai Ren\u00e1ta igazgat\u00f3 B\u00facs\u00fa Bogl\u00e1rka \u00f3vodapedag\u00f3gus \u00a0Helczman&hellip;<\/p>\n","protected":false},"author":1,"featured_media":0,"parent":0,"menu_order":0,"comment_status":"closed","ping_status":"closed","template":"","meta":{"footnotes":""},"class_list":["post-78","page","type-page","status-publish","hentry"],"_links":{"self":[{"href":"https:\/\/szakald.hu\/index.php?rest_route=\/wp\/v2\/pages\/78","targetHints":{"allow":["GET"]}}],"collection":[{"href":"https:\/\/szakald.hu\/index.php?rest_route=\/wp\/v2\/pages"}],"about":[{"href":"https:\/\/szakald.hu\/index.php?rest_route=\/wp\/v2\/types\/page"}],"author":[{"embeddable":true,"href":"https:\/\/szakald.hu\/index.php?rest_route=\/wp\/v2\/users\/1"}],"replies":[{"embeddable":true,"href":"https:\/\/szakald.hu\/index.php?rest_route=%2Fwp%2Fv2%2Fcomments&post=78"}],"version-history":[{"count":8,"href":"https:\/\/szakald.hu\/index.php?rest_route=\/wp\/v2\/pages\/78\/revisions"}],"predecessor-version":[{"id":273,"href":"https:\/\/szakald.hu\/index.php?rest_route=\/wp\/v2\/pages\/78\/revisions\/273"}],"wp:attachment":[{"href":"https:\/\/szakald.hu\/index.php?rest_route=%2Fwp%2Fv2%2Fmedia&parent=78"}],"curies":[{"name":"wp","href":"https:\/\/api.w.org\/{rel}","templated":true}]}}