{"id":90,"date":"2024-01-09T12:25:02","date_gmt":"2024-01-09T11:25:02","guid":{"rendered":"https:\/\/menet.hu\/szakald\/?page_id=90"},"modified":"2024-01-09T12:25:02","modified_gmt":"2024-01-09T11:25:02","slug":"gazdalkodasi-adatok","status":"publish","type":"page","link":"https:\/\/szakald.hu\/?page_id=90","title":{"rendered":"Gazd\u00e1lkod\u00e1si adatok"},"content":{"rendered":"<p><strong>3.1. A m\u0171k\u00f6d\u00e9s t\u00f6rv\u00e9nyess\u00e9ge, ellen\u0151rz\u00e9sek<\/strong><\/p>\n<ul>\n<li>Vizsg\u00e1latok, ellen\u0151rz\u00e9sek list\u00e1ja<\/li>\n<li>Az \u00c1llami Sz\u00e1mvev\u0151sz\u00e9k ellen\u0151rz\u00e9sei<\/li>\n<li>Egy\u00e9b ellen\u0151rz\u00e9sek, vizsg\u00e1latok<\/li>\n<li>M\u0171k\u00f6d\u00e9s eredm\u00e9nyess\u00e9ge, teljes\u00edtm\u00e9ny<\/li>\n<li>M\u0171k\u00f6d\u00e9si statisztika<\/li>\n<\/ul>\n<p><strong>3.2. K\u00f6lts\u00e9gvet\u00e9sek, besz\u00e1mol\u00f3k<\/strong><\/p>\n<ul>\n<li>\u00c9ves k\u00f6lts\u00e9gvet\u00e9sek<\/li>\n<li>Sz\u00e1mviteli besz\u00e1mol\u00f3k<\/li>\n<li>A k\u00f6lts\u00e9gvet\u00e9s v\u00e9grehajt\u00e1sa<\/li>\n<\/ul>\n<p><strong>3.3. M\u0171k\u00f6d\u00e9s<\/strong><\/p>\n<ul>\n<li>A foglalkoztatottak<\/li>\n<li>T\u00e1mogat\u00e1sok<\/li>\n<li>Szerz\u0151d\u00e9sek<\/li>\n<li>Koncesszi\u00f3k<\/li>\n<li>K\u00f6zbeszerz\u00e9s<\/li>\n<li>Egy\u00e9b kifizet\u00e9sek<\/li>\n<\/ul>\n","protected":false},"excerpt":{"rendered":"<p>3.1. A m\u0171k\u00f6d\u00e9s t\u00f6rv\u00e9nyess\u00e9ge, ellen\u0151rz\u00e9sek Vizsg\u00e1latok, ellen\u0151rz\u00e9sek list\u00e1ja Az \u00c1llami Sz\u00e1mvev\u0151sz\u00e9k ellen\u0151rz\u00e9sei Egy\u00e9b ellen\u0151rz\u00e9sek, vizsg\u00e1latok M\u0171k\u00f6d\u00e9s eredm\u00e9nyess\u00e9ge, teljes\u00edtm\u00e9ny M\u0171k\u00f6d\u00e9si statisztika 3.2. K\u00f6lts\u00e9gvet\u00e9sek, besz\u00e1mol\u00f3k \u00c9ves k\u00f6lts\u00e9gvet\u00e9sek&hellip;<\/p>\n","protected":false},"author":1,"featured_media":0,"parent":0,"menu_order":0,"comment_status":"closed","ping_status":"closed","template":"","meta":{"footnotes":""},"class_list":["post-90","page","type-page","status-publish","hentry"],"_links":{"self":[{"href":"https:\/\/szakald.hu\/index.php?rest_route=\/wp\/v2\/pages\/90","targetHints":{"allow":["GET"]}}],"collection":[{"href":"https:\/\/szakald.hu\/index.php?rest_route=\/wp\/v2\/pages"}],"about":[{"href":"https:\/\/szakald.hu\/index.php?rest_route=\/wp\/v2\/types\/page"}],"author":[{"embeddable":true,"href":"https:\/\/szakald.hu\/index.php?rest_route=\/wp\/v2\/users\/1"}],"replies":[{"embeddable":true,"href":"https:\/\/szakald.hu\/index.php?rest_route=%2Fwp%2Fv2%2Fcomments&post=90"}],"version-history":[{"count":1,"href":"https:\/\/szakald.hu\/index.php?rest_route=\/wp\/v2\/pages\/90\/revisions"}],"predecessor-version":[{"id":91,"href":"https:\/\/szakald.hu\/index.php?rest_route=\/wp\/v2\/pages\/90\/revisions\/91"}],"wp:attachment":[{"href":"https:\/\/szakald.hu\/index.php?rest_route=%2Fwp%2Fv2%2Fmedia&parent=90"}],"curies":[{"name":"wp","href":"https:\/\/api.w.org\/{rel}","templated":true}]}}