{"id":96,"date":"2024-01-09T12:27:02","date_gmt":"2024-01-09T11:27:02","guid":{"rendered":"https:\/\/menet.hu\/szakald\/?page_id=96"},"modified":"2024-01-09T12:27:02","modified_gmt":"2024-01-09T11:27:02","slug":"fogaszati-szakrendeles","status":"publish","type":"page","link":"https:\/\/szakald.hu\/?page_id=96","title":{"rendered":"Fog\u00e1szati szakrendel\u00e9s"},"content":{"rendered":"<p>Fogorvos: Dr. Bart\u00e1k L\u00e1szl\u00f3<\/p>\n<p>Fog\u00e1szati szakrendel\u00e9s helysz\u00edne: 3593 Hej\u0151b\u00e1ba F\u0151 utca 31. sz\u00e1m<br \/>\nTel.: 49\/351-002<\/p>\n<p>RENDEL\u00c9SI ID\u0150<\/p>\n<table border=\"1\">\n<tbody>\n<tr>\n<td>\u00a0h\u00e9tf\u0151<\/td>\n<td>08<sup>00<\/sup>-12<sup>00<\/sup><\/td>\n<\/tr>\n<tr>\n<td>\u00a0kedd<\/td>\n<td>14<sup>00<\/sup>-18<sup>00<\/sup><\/td>\n<\/tr>\n<tr>\n<td>\u00a0cs\u00fct\u00f6rt\u00f6k<\/td>\n<td>08<sup>00<\/sup>-12<sup>00<\/sup><\/td>\n<\/tr>\n<\/tbody>\n<\/table>\n","protected":false},"excerpt":{"rendered":"<p>Fogorvos: Dr. Bart\u00e1k L\u00e1szl\u00f3 Fog\u00e1szati szakrendel\u00e9s helysz\u00edne: 3593 Hej\u0151b\u00e1ba F\u0151 utca 31. sz\u00e1m Tel.: 49\/351-002 RENDEL\u00c9SI ID\u0150 \u00a0h\u00e9tf\u0151 0800-1200 \u00a0kedd 1400-1800 \u00a0cs\u00fct\u00f6rt\u00f6k 0800-1200<\/p>\n","protected":false},"author":1,"featured_media":0,"parent":0,"menu_order":0,"comment_status":"closed","ping_status":"closed","template":"","meta":{"footnotes":""},"class_list":["post-96","page","type-page","status-publish","hentry"],"_links":{"self":[{"href":"https:\/\/szakald.hu\/index.php?rest_route=\/wp\/v2\/pages\/96","targetHints":{"allow":["GET"]}}],"collection":[{"href":"https:\/\/szakald.hu\/index.php?rest_route=\/wp\/v2\/pages"}],"about":[{"href":"https:\/\/szakald.hu\/index.php?rest_route=\/wp\/v2\/types\/page"}],"author":[{"embeddable":true,"href":"https:\/\/szakald.hu\/index.php?rest_route=\/wp\/v2\/users\/1"}],"replies":[{"embeddable":true,"href":"https:\/\/szakald.hu\/index.php?rest_route=%2Fwp%2Fv2%2Fcomments&post=96"}],"version-history":[{"count":1,"href":"https:\/\/szakald.hu\/index.php?rest_route=\/wp\/v2\/pages\/96\/revisions"}],"predecessor-version":[{"id":97,"href":"https:\/\/szakald.hu\/index.php?rest_route=\/wp\/v2\/pages\/96\/revisions\/97"}],"wp:attachment":[{"href":"https:\/\/szakald.hu\/index.php?rest_route=%2Fwp%2Fv2%2Fmedia&parent=96"}],"curies":[{"name":"wp","href":"https:\/\/api.w.org\/{rel}","templated":true}]}}