{"id":98,"date":"2024-01-09T12:27:22","date_gmt":"2024-01-09T11:27:22","guid":{"rendered":"https:\/\/menet.hu\/szakald\/?page_id=98"},"modified":"2024-01-09T12:27:22","modified_gmt":"2024-01-09T11:27:22","slug":"egyeb","status":"publish","type":"page","link":"https:\/\/szakald.hu\/?page_id=98","title":{"rendered":"Egy\u00e9b"},"content":{"rendered":"<div class=\"page-header\">\n<h2>Falugazd\u00e1sz<\/h2>\n<\/div>\n<div>\n<p>Falugazd\u00e1szi fogad\u00f3napokat tart Zolnai Imre (3450 Mez\u0151cs\u00e1t, H\u0151s\u00f6k tere 11.) minden szerd\u00e1n \u00e9s cs\u00fct\u00f6rt\u00f6k\u00f6n 8:30- 16:00-ig.<br \/>\nTel.:70\/436-1992<\/p>\n<\/div>\n","protected":false},"excerpt":{"rendered":"<p>Falugazd\u00e1sz Falugazd\u00e1szi fogad\u00f3napokat tart Zolnai Imre (3450 Mez\u0151cs\u00e1t, H\u0151s\u00f6k tere 11.) minden szerd\u00e1n \u00e9s cs\u00fct\u00f6rt\u00f6k\u00f6n 8:30- 16:00-ig. Tel.:70\/436-1992<\/p>\n","protected":false},"author":1,"featured_media":0,"parent":0,"menu_order":0,"comment_status":"closed","ping_status":"closed","template":"","meta":{"footnotes":""},"class_list":["post-98","page","type-page","status-publish","hentry"],"_links":{"self":[{"href":"https:\/\/szakald.hu\/index.php?rest_route=\/wp\/v2\/pages\/98","targetHints":{"allow":["GET"]}}],"collection":[{"href":"https:\/\/szakald.hu\/index.php?rest_route=\/wp\/v2\/pages"}],"about":[{"href":"https:\/\/szakald.hu\/index.php?rest_route=\/wp\/v2\/types\/page"}],"author":[{"embeddable":true,"href":"https:\/\/szakald.hu\/index.php?rest_route=\/wp\/v2\/users\/1"}],"replies":[{"embeddable":true,"href":"https:\/\/szakald.hu\/index.php?rest_route=%2Fwp%2Fv2%2Fcomments&post=98"}],"version-history":[{"count":1,"href":"https:\/\/szakald.hu\/index.php?rest_route=\/wp\/v2\/pages\/98\/revisions"}],"predecessor-version":[{"id":99,"href":"https:\/\/szakald.hu\/index.php?rest_route=\/wp\/v2\/pages\/98\/revisions\/99"}],"wp:attachment":[{"href":"https:\/\/szakald.hu\/index.php?rest_route=%2Fwp%2Fv2%2Fmedia&parent=98"}],"curies":[{"name":"wp","href":"https:\/\/api.w.org\/{rel}","templated":true}]}}